{"id":119,"date":"2020-05-22T11:12:53","date_gmt":"2020-05-22T09:12:53","guid":{"rendered":"https:\/\/tituloexpertohechojacobeo.wordpress.com\/?page_id=119"},"modified":"2024-07-23T16:13:33","modified_gmt":"2024-07-23T16:13:33","slug":"acceso-y-matricula","status":"publish","type":"page","link":"https:\/\/hechojacobeo.itcdesantiago.org\/index.php\/acceso-y-matricula\/","title":{"rendered":"Acceso y Matr\u00edcula"},"content":{"rendered":"\r\n<div class=\"wp-block-image\">\r\n<figure class=\"aligncenter\"><img loading=\"lazy\" decoding=\"async\" width=\"512\" height=\"512\" class=\"wp-image-65\" src=\"https:\/\/i0.wp.com\/hechojacobeo.itcdesantiago.org\/wp-content\/uploads\/2020\/05\/cropped-mestre-mateo_2.3_004.jpg?resize=512%2C512&#038;ssl=1\" alt=\"cropped-mestre-mateo_2.3_004.jpg\" srcset=\"https:\/\/i0.wp.com\/hechojacobeo.itcdesantiago.org\/wp-content\/uploads\/2020\/05\/cropped-mestre-mateo_2.3_004.jpg?w=512&amp;ssl=1 512w, https:\/\/i0.wp.com\/hechojacobeo.itcdesantiago.org\/wp-content\/uploads\/2020\/05\/cropped-mestre-mateo_2.3_004.jpg?resize=300%2C300&amp;ssl=1 300w, https:\/\/i0.wp.com\/hechojacobeo.itcdesantiago.org\/wp-content\/uploads\/2020\/05\/cropped-mestre-mateo_2.3_004.jpg?resize=150%2C150&amp;ssl=1 150w\" sizes=\"(max-width: 512px) 100vw, 512px\" data-recalc-dims=\"1\" \/>\r\n<figcaption>\u00a9Fundaci\u00f3n Catedral de Santiago. Fotograf\u00edas: Den\u00eds E. F.<\/figcaption>\r\n<\/figure>\r\n<\/div>\r\n\r\n\r\n\r\n<p><strong>1. \u00bfC\u00f3mo puedo acceder al t\u00edtulo propio?<\/strong><\/p>\r\n\r\n\r\n\r\n<p>&gt; Con estudios Universitarios completos<\/p>\r\n\r\n\r\n\r\n<p>&gt; Con estudios Universitarios incompletos<\/p>\r\n\r\n\r\n\r\n<p>&gt; Con estudios procedentes de sistemas educativos extranjeros (ponerse en contacto con la secretar\u00eda del centro: secretariatex@itcdesantiago.org)<\/p>\r\n\r\n\r\n\r\n<p><strong>2. \u00bfC\u00f3mo solicito plaza?<\/strong><\/p>\r\n\r\n\r\n\r\n<p>Para hacer la solicitud de la plaza debes cumplimentar el formulario pinchando <a href=\"https:\/\/itcdesantiago.org\/experto-el-hecho-jacobeo\/solicitud-plaza\" target=\"_blank\" rel=\"noreferrer noopener\">aqu\u00ed<\/a>. El coste de esta solicitud de plaza es de 100 euros que se descontar\u00e1n del precio de la matr\u00edcula.<\/p>\r\n\r\n\r\n\r\n<p>Cumplimentar el formulario de solicitud no implica que quede realizada. Para ello tienes que entregar la documentaci\u00f3n que puedes ver en la pregunta \u2018\u00bfQu\u00e9 documentaci\u00f3n tengo que entregar para formalizar la solicitud de plaza?\u2019<\/p>\r\n\r\n\r\n\r\n<p>Recuerda que debes indicar los datos de la persona interesada en cursar el Experto.<\/p>\r\n\r\n\r\n\r\n<p><strong>3. \u00bfQu\u00e9 documentaci\u00f3n tengo que entregar para <u>formalizar<\/u> la solicitud de plaza?<\/strong><\/p>\r\n\r\n\r\n\r\n<p>Para <u>formalizar<\/u> la solicitud de plaza debes enviar, de manera telem\u00e1tica, la siguiente documentaci\u00f3n a la secretar\u00eda: <a href=\"mailto:secretariatex@itcdesantiago.org\">secretariatex@itcdesantiago.org<\/a><\/p>\r\n\r\n\r\n\r\n<p>&gt; Documentaci\u00f3n personal:<\/p>\r\n\r\n\r\n\r\n<ul class=\"wp-block-list\">\r\n<li>Impreso de solicitud de plaza (te lo enviamos cuando hagas la solicitud de plaza)<\/li>\r\n<li>Fotocopia del DNI<\/li>\r\n<li>Una fotograf\u00eda<\/li>\r\n<li>Resguardo de haber realizado un abono de 100\u20ac en concepto de solicitud de plaza (los datos bancarios se facilitan en el impreso de solicitud de plaza)<\/li>\r\n<\/ul>\r\n\r\n\r\n\r\n<p>&gt; Documentaci\u00f3n acad\u00e9mica:<\/p>\r\n\r\n\r\n\r\n<ul class=\"wp-block-list\">\r\n<li>T\u00edtulo acad\u00e9mico con el que accede al posgrado.<\/li>\r\n<li>Certificado acad\u00e9mico con nota media (si en este momento tiene una titulaci\u00f3n en curso, puede enviarnos provisionalmente un informe del expediente; y en el momento en que finalice la titulaci\u00f3n que le da acceso, enviar una copia del t\u00edtulo y del certificado acad\u00e9mico con las calificaciones).<\/li>\r\n<\/ul>\r\n\r\n\r\n\r\n<p>Teniendo en cuenta el RD463\/2020 de 14 de marzo por el que se declara el estado de alarma en todo el Estado por causa del Covid-19, la documentaci\u00f3n se adjuntar\u00e1 por correo electr\u00f3nico. Si estos documentos no tienen firma digital o alg\u00fan c\u00f3digo de verificaci\u00f3n, el ITC solicitar\u00e1 los originales o fotocopias compulsadas cuando la situaci\u00f3n vuelva a la normalidad.<\/p>\r\n\r\n\r\n\r\n<p><strong>4. Plazos para entregar la documentaci\u00f3n<\/strong><\/p>\r\n\r\n\r\n\r\n<p><strong>Periodo de solicitud de plaza: 15 de julio &#8211; 29 de julio de 2024<\/strong><\/p>\r\n\r\n\r\n\r\n<p><strong>Periodo extraordinario: 30 de julio \u2013 24 de septiembre de 2024<\/strong><\/p>\r\n\r\n\r\n\r\n<p>El curso admitir\u00e1 un m\u00e1ximo de 25 alumnos. Recuerda que la adjudicaci\u00f3n de plazas se realizar\u00e1 por estricto orden de formalizaci\u00f3n de matr\u00edcula y llegada de la documentaci\u00f3n completa a la secretar\u00eda del Centro.<\/p>\r\n","protected":false},"excerpt":{"rendered":"<p>1. \u00bfC\u00f3mo puedo acceder al t\u00edtulo propio? &gt; Con estudios Universitarios completos &gt; Con estudios Universitarios incompletos &gt; Con estudios procedentes de sistemas educativos extranjeros (ponerse en contacto con la secretar\u00eda del centro: secretariatex@itcdesantiago.org) 2. \u00bfC\u00f3mo solicito plaza? Para hacer la solicitud de la plaza debes cumplimentar el formulario pinchando aqu\u00ed. El coste de esta &hellip; <\/p>\n<p><a href=\"https:\/\/hechojacobeo.itcdesantiago.org\/index.php\/acceso-y-matricula\/\" class=\"more-link\">Sigue leyendo <span class=\"screen-reader-text\">Acceso y Matr\u00edcula<\/span><\/a><\/p>\n","protected":false},"author":2,"featured_media":0,"parent":0,"menu_order":0,"comment_status":"closed","ping_status":"closed","template":"","meta":{"footnotes":""},"class_list":["post-119","page","type-page","status-publish","hentry"],"jetpack_sharing_enabled":true,"_links":{"self":[{"href":"https:\/\/hechojacobeo.itcdesantiago.org\/index.php\/wp-json\/wp\/v2\/pages\/119"}],"collection":[{"href":"https:\/\/hechojacobeo.itcdesantiago.org\/index.php\/wp-json\/wp\/v2\/pages"}],"about":[{"href":"https:\/\/hechojacobeo.itcdesantiago.org\/index.php\/wp-json\/wp\/v2\/types\/page"}],"author":[{"embeddable":true,"href":"https:\/\/hechojacobeo.itcdesantiago.org\/index.php\/wp-json\/wp\/v2\/users\/2"}],"replies":[{"embeddable":true,"href":"https:\/\/hechojacobeo.itcdesantiago.org\/index.php\/wp-json\/wp\/v2\/comments?post=119"}],"version-history":[{"count":5,"href":"https:\/\/hechojacobeo.itcdesantiago.org\/index.php\/wp-json\/wp\/v2\/pages\/119\/revisions"}],"predecessor-version":[{"id":376,"href":"https:\/\/hechojacobeo.itcdesantiago.org\/index.php\/wp-json\/wp\/v2\/pages\/119\/revisions\/376"}],"wp:attachment":[{"href":"https:\/\/hechojacobeo.itcdesantiago.org\/index.php\/wp-json\/wp\/v2\/media?parent=119"}],"curies":[{"name":"wp","href":"https:\/\/api.w.org\/{rel}","templated":true}]}}